{"id":136,"date":"2021-01-25T15:51:06","date_gmt":"2021-01-25T15:51:06","guid":{"rendered":"http:\/\/itcst.de\/?page_id=136"},"modified":"2025-09-01T10:12:41","modified_gmt":"2025-09-01T09:12:41","slug":"ueber-mich","status":"publish","type":"page","link":"https:\/\/itcst.de\/?page_id=136","title":{"rendered":"\u00dcber uns"},"content":{"rendered":"\t\t<div data-elementor-type=\"wp-page\" data-elementor-id=\"136\" class=\"elementor elementor-136\">\n\t\t\t\t\t\t<section class=\"elementor-section elementor-top-section elementor-element elementor-element-733a5cac elementor-section-boxed elementor-section-height-default elementor-section-height-default\" data-id=\"733a5cac\" data-element_type=\"section\" data-e-type=\"section\">\n\t\t\t\t\t\t<div class=\"elementor-container elementor-column-gap-default\">\n\t\t\t\t\t<div class=\"elementor-column elementor-col-100 elementor-top-column elementor-element elementor-element-1bcb68b1\" data-id=\"1bcb68b1\" data-element_type=\"column\" data-e-type=\"column\">\n\t\t\t<div class=\"elementor-widget-wrap elementor-element-populated\">\n\t\t\t\t\t\t<div class=\"elementor-element elementor-element-63bcbb6a elementor-widget elementor-widget-text-editor\" data-id=\"63bcbb6a\" data-element_type=\"widget\" data-e-type=\"widget\" data-widget_type=\"text-editor.default\">\n\t\t\t\t<div class=\"elementor-widget-container\">\n\t\t\t\t\t\t\t\t\t<h1 data-start=\"1477\" data-end=\"1567\"><strong data-start=\"1477\" data-end=\"1565\">Matthias Totzauer \u2013 Ihr Partner f\u00fcr Informationssicherheit &amp; digitale Transformation<\/strong><\/h1><h3 data-start=\"1569\" data-end=\"1585\"><strong>Kurz zu meiner Person:<\/strong><\/h3><p data-start=\"1586\" data-end=\"1935\">Ich bin Matthias Totzauer, CISM-zertifizierter CISO mit umfassender Erfahrung in der Umsetzung internationaler IT- und OT-Sicherheitsprogramme. In den letzten 15 Jahren habe ich Unternehmen in der Industrie, im Gesundheitswesen und in der Supply-Chain-Branche dabei unterst\u00fctzt, ihre IT-Sicherheit und digitale Infrastruktur nachhaltig aufzubauen.<\/p><h3 data-start=\"1937\" data-end=\"1962\">St\u00e4rken &amp; Expertise<\/h3><ul data-start=\"1963\" data-end=\"2407\"><li data-start=\"1963\" data-end=\"2029\"><p data-start=\"1965\" data-end=\"2029\">F\u00fchrung internationaler Teams in Europa, Asien und Nordamerika<\/p><\/li><li data-start=\"2030\" data-end=\"2102\"><p data-start=\"2032\" data-end=\"2102\">Umsetzung globaler ISMS nach ISO 27001, NIS2 und BSI-Grundschutz<\/p><\/li><li data-start=\"2103\" data-end=\"2238\"><p data-start=\"2105\" data-end=\"2238\">Entwicklung und Einf\u00fchrung von Cybersecurity-Architekturen mit modernen Tools (CrowdStrike, Cisco, Microsoft, Proofpoint, SIEM)<\/p><\/li><li data-start=\"2239\" data-end=\"2339\"><p data-start=\"2241\" data-end=\"2339\">Erfolgreiche Leitung von ERP- und Supply-Chain-IT-Projekten (SAP S\/4HANA, Dynamics 365, NAV)<\/p><\/li><li data-start=\"2340\" data-end=\"2407\"><p data-start=\"2342\" data-end=\"2407\">Erfahrung als Interim Manager (CIO, CISO, Head of Security)<\/p><\/li><\/ul><h2 data-start=\"1184\" data-end=\"1217\">Leistungen im \u00dcberblick<\/h2><ul data-start=\"1218\" data-end=\"1615\"><li data-start=\"1218\" data-end=\"1308\"><p data-start=\"1220\" data-end=\"1308\">\ud83d\udd10 <strong data-start=\"1223\" data-end=\"1244\">CISO-as-a-Service<\/strong> \u2013 Interim CISO f\u00fcr Unternehmen ohne eigene Sicherheitsleitung<\/p><\/li><li data-start=\"1309\" data-end=\"1375\"><p data-start=\"1311\" data-end=\"1375\">\ud83d\udcd1 <strong data-start=\"1314\" data-end=\"1335\">ISMS &amp; Compliance<\/strong> \u2013 ISO 27001, NIS2, TISAX, Datenschutz<\/p><\/li><li data-start=\"1376\" data-end=\"1457\"><p data-start=\"1378\" data-end=\"1457\">\ud83c\udfed <strong data-start=\"1381\" data-end=\"1396\">OT-Security<\/strong> \u2013 Schutz kritischer Infrastrukturen und Produktionsanlagen<\/p><\/li><li data-start=\"1458\" data-end=\"1542\"><p data-start=\"1460\" data-end=\"1542\">\ud83d\udd04 <strong data-start=\"1463\" data-end=\"1494\">ERP &amp; Supply Chain Security<\/strong> \u2013 sichere ERP-Transformationen &amp; Lieferketten<\/p><\/li><li data-start=\"1543\" data-end=\"1615\"><p data-start=\"1545\" data-end=\"1615\">\ud83d\udc68\u200d\ud83d\udcbc <strong data-start=\"1551\" data-end=\"1573\">Interim Management<\/strong> \u2013 CIO, Head of Security, Projektleitung<\/p><\/li><\/ul><h3 data-start=\"2409\" data-end=\"2491\">Social Proof:<\/h3><p data-start=\"2492\" data-end=\"2662\"><em data-start=\"2492\" data-end=\"2660\">\u201eHerr Totzauer erf\u00fcllt unsere hohen Erwartungen in bester Weise. Vertrauensw\u00fcrdigkeit und absolute Zuverl\u00e4ssigkeit zeichnen seinen Arbeitsstil aus.\u201c \u2013 Gala Group GmbH<\/em><\/p><h2 data-start=\"2211\" data-end=\"2237\">Zertifizierungen<\/h2><ul data-start=\"2238\" data-end=\"2604\"><li data-start=\"2238\" data-end=\"2344\"><p data-start=\"2240\" data-end=\"2344\">\u2705 <strong data-start=\"2242\" data-end=\"2291\">CISM \u2013 Certified Information Security Manager<\/strong> (ISACA, 2023)<\/p><\/li><li data-start=\"2345\" data-end=\"2425\"><p data-start=\"2347\" data-end=\"2425\">\u2705 <strong data-start=\"2349\" data-end=\"2372\">CISA-Exam bestanden<\/strong> (ISACA, 2023)<\/p><\/li><li data-start=\"2426\" data-end=\"2511\"><p data-start=\"2428\" data-end=\"2511\">\u2705 <strong data-start=\"2430\" data-end=\"2454\">Scrum Master &amp; PSM I<\/strong> (scrum.org, 2023)<\/p><\/li><li data-start=\"2512\" data-end=\"2604\"><p data-start=\"2514\" data-end=\"2604\">\u2705 <strong data-start=\"2516\" data-end=\"2558\">Datenschutzbeauftragter (DSC-Standard)<\/strong> (2018)<\/p><\/li><\/ul><p><!-- \/wp:paragraph --><!-- wp:paragraph --><\/p><p><!-- \/wp:paragraph --><\/p>\t\t\t\t\t\t\t\t<\/div>\n\t\t\t\t<\/div>\n\t\t\t\t\t<\/div>\n\t\t<\/div>\n\t\t\t\t\t<\/div>\n\t\t<\/section>\n\t\t\t\t<\/div>\n\t\t","protected":false},"excerpt":{"rendered":"<p>Matthias Totzauer \u2013 Ihr Partner f\u00fcr Informationssicherheit &amp; digitale Transformation Kurz zu meiner Person: Ich bin Matthias Totzauer, CISM-zertifizierter CISO mit umfassender Erfahrung in der Umsetzung internationaler IT- und OT-Sicherheitsprogramme. In den letzten 15 Jahren habe ich Unternehmen in der Industrie, im Gesundheitswesen und in der Supply-Chain-Branche dabei unterst\u00fctzt, ihre IT-Sicherheit und digitale Infrastruktur nachhaltig &hellip; <\/p>\n<p class=\"link-more\"><a href=\"https:\/\/itcst.de\/?page_id=136\" class=\"more-link\"><span class=\"screen-reader-text\">\u201e\u00dcber uns\u201c<\/span> weiterlesen<\/a><\/p>\n","protected":false},"author":2,"featured_media":0,"parent":0,"menu_order":0,"comment_status":"closed","ping_status":"closed","template":"","meta":{"footnotes":""},"class_list":["post-136","page","type-page","status-publish","hentry"],"_links":{"self":[{"href":"https:\/\/itcst.de\/index.php?rest_route=\/wp\/v2\/pages\/136","targetHints":{"allow":["GET"]}}],"collection":[{"href":"https:\/\/itcst.de\/index.php?rest_route=\/wp\/v2\/pages"}],"about":[{"href":"https:\/\/itcst.de\/index.php?rest_route=\/wp\/v2\/types\/page"}],"author":[{"embeddable":true,"href":"https:\/\/itcst.de\/index.php?rest_route=\/wp\/v2\/users\/2"}],"replies":[{"embeddable":true,"href":"https:\/\/itcst.de\/index.php?rest_route=%2Fwp%2Fv2%2Fcomments&post=136"}],"version-history":[{"count":24,"href":"https:\/\/itcst.de\/index.php?rest_route=\/wp\/v2\/pages\/136\/revisions"}],"predecessor-version":[{"id":344,"href":"https:\/\/itcst.de\/index.php?rest_route=\/wp\/v2\/pages\/136\/revisions\/344"}],"wp:attachment":[{"href":"https:\/\/itcst.de\/index.php?rest_route=%2Fwp%2Fv2%2Fmedia&parent=136"}],"curies":[{"name":"wp","href":"https:\/\/api.w.org\/{rel}","templated":true}]}}