{"id":330,"date":"2025-09-01T09:53:38","date_gmt":"2025-09-01T08:53:38","guid":{"rendered":"https:\/\/itcst.de\/?page_id=330"},"modified":"2025-09-01T09:55:03","modified_gmt":"2025-09-01T08:55:03","slug":"elementor-seite-330","status":"publish","type":"page","link":"https:\/\/itcst.de\/?page_id=330","title":{"rendered":"Projekte &#038; Referenzen"},"content":{"rendered":"\t\t<div data-elementor-type=\"wp-page\" data-elementor-id=\"330\" class=\"elementor elementor-330\">\n\t\t\t\t\t\t<section class=\"elementor-section elementor-top-section elementor-element elementor-element-a0f3af5 elementor-section-boxed elementor-section-height-default elementor-section-height-default\" data-id=\"a0f3af5\" data-element_type=\"section\" data-e-type=\"section\">\n\t\t\t\t\t\t<div class=\"elementor-container elementor-column-gap-default\">\n\t\t\t\t\t<div class=\"elementor-column elementor-col-100 elementor-top-column elementor-element elementor-element-e7b8298\" data-id=\"e7b8298\" data-element_type=\"column\" data-e-type=\"column\">\n\t\t\t<div class=\"elementor-widget-wrap elementor-element-populated\">\n\t\t\t\t\t\t<div class=\"elementor-element elementor-element-0c3a004 elementor-widget elementor-widget-heading\" data-id=\"0c3a004\" data-element_type=\"widget\" data-e-type=\"widget\" data-widget_type=\"heading.default\">\n\t\t\t\t<div class=\"elementor-widget-container\">\n\t\t\t\t\t<h2 class=\"elementor-heading-title elementor-size-default\">Projekte &amp; Referenzen<\/h2>\t\t\t\t<\/div>\n\t\t\t\t<\/div>\n\t\t\t\t\t<\/div>\n\t\t<\/div>\n\t\t\t\t\t<\/div>\n\t\t<\/section>\n\t\t\t\t<section class=\"elementor-section elementor-top-section elementor-element elementor-element-0a13b5b elementor-section-boxed elementor-section-height-default elementor-section-height-default\" data-id=\"0a13b5b\" data-element_type=\"section\" data-e-type=\"section\">\n\t\t\t\t\t\t<div class=\"elementor-container elementor-column-gap-default\">\n\t\t\t\t\t<div class=\"elementor-column elementor-col-100 elementor-top-column elementor-element elementor-element-8c2e07c\" data-id=\"8c2e07c\" data-element_type=\"column\" data-e-type=\"column\">\n\t\t\t<div class=\"elementor-widget-wrap elementor-element-populated\">\n\t\t\t\t\t\t<div class=\"elementor-element elementor-element-3e337f9 elementor-widget elementor-widget-text-editor\" data-id=\"3e337f9\" data-element_type=\"widget\" data-e-type=\"widget\" data-widget_type=\"text-editor.default\">\n\t\t\t\t<div class=\"elementor-widget-container\">\n\t\t\t\t\t\t\t\t\t<p>In den letzten Jahren durfte ich zahlreiche nationale und internationale Projekte in den Bereichen Informationssicherheit, IT-Management und digitale Transformation erfolgreich leiten.<br data-start=\"600\" data-end=\"603\" \/>Hier eine Auswahl meiner wichtigsten Referenzen:<\/p>\t\t\t\t\t\t\t\t<\/div>\n\t\t\t\t<\/div>\n\t\t\t\t\t<\/div>\n\t\t<\/div>\n\t\t\t\t\t<\/div>\n\t\t<\/section>\n\t\t\t\t<section class=\"elementor-section elementor-top-section elementor-element elementor-element-afa537d elementor-section-boxed elementor-section-height-default elementor-section-height-default\" data-id=\"afa537d\" data-element_type=\"section\" data-e-type=\"section\">\n\t\t\t\t\t\t<div class=\"elementor-container elementor-column-gap-default\">\n\t\t\t\t\t<div class=\"elementor-column elementor-col-100 elementor-top-column elementor-element elementor-element-c509e6a\" data-id=\"c509e6a\" data-element_type=\"column\" data-e-type=\"column\">\n\t\t\t<div class=\"elementor-widget-wrap elementor-element-populated\">\n\t\t\t\t\t\t<div class=\"elementor-element elementor-element-ea9bcfa elementor-widget elementor-widget-text-editor\" data-id=\"ea9bcfa\" data-element_type=\"widget\" data-e-type=\"widget\" data-widget_type=\"text-editor.default\">\n\t\t\t\t<div class=\"elementor-widget-container\">\n\t\t\t\t\t\t\t\t\t<h2 data-start=\"524\" data-end=\"580\"><img decoding=\"async\" class=\"emoji\" role=\"img\" draggable=\"false\" src=\"https:\/\/s.w.org\/images\/core\/emoji\/16.0.1\/svg\/1f9f1.svg\" alt=\"\ud83e\uddf1\" \/> <strong data-start=\"530\" data-end=\"578\">Group CISO \u2013\u00a0 Baustoffindustrie<\/strong><\/h2><p data-start=\"581\" data-end=\"699\"><strong data-start=\"581\" data-end=\"594\">Zeitraum:<\/strong> 2023\u20132025<br data-start=\"604\" data-end=\"607\" \/><strong data-start=\"607\" data-end=\"616\">Ziel:<\/strong> Strategische St\u00e4rkung der Informationssicherheit &amp; Compliance.<br data-start=\"679\" data-end=\"682\" \/><strong data-start=\"682\" data-end=\"697\">Leistungen:<\/strong><\/p><ul data-start=\"700\" data-end=\"1127\"><li data-start=\"700\" data-end=\"752\"><p data-start=\"702\" data-end=\"752\">Aufbau und Leitung internationaler InfoSec-Teams<\/p><\/li><li data-start=\"753\" data-end=\"822\"><p data-start=\"755\" data-end=\"822\">Einf\u00fchrung und Auditierung nach <strong data-start=\"787\" data-end=\"820\">ISO\/IEC 27001, 27002 und NIS2<\/strong><\/p><\/li><li data-start=\"823\" data-end=\"919\"><p data-start=\"825\" data-end=\"919\">Integration des <strong data-start=\"841\" data-end=\"874\">NIST Cybersecurity Frameworks<\/strong> zur Standardisierung technischer Ma\u00dfnahmen<\/p><\/li><li data-start=\"920\" data-end=\"1127\"><p data-start=\"922\" data-end=\"1127\">Enge Zusammenarbeit mit Vorstand &amp; globalen Stakeholdern<br data-start=\"978\" data-end=\"981\" \/><strong data-start=\"981\" data-end=\"994\">Ergebnis:<\/strong><br data-start=\"994\" data-end=\"997\" \/><img decoding=\"async\" class=\"emoji\" role=\"img\" draggable=\"false\" src=\"https:\/\/s.w.org\/images\/core\/emoji\/16.0.1\/svg\/2714.svg\" alt=\"\u2714\" \/> Nachhaltige St\u00e4rkung der Cyber-Resilienz<br data-start=\"1039\" data-end=\"1042\" \/><img decoding=\"async\" class=\"emoji\" role=\"img\" draggable=\"false\" src=\"https:\/\/s.w.org\/images\/core\/emoji\/16.0.1\/svg\/2714.svg\" alt=\"\u2714\" \/> Etablierung einer globalen Sicherheitskultur<\/p><\/li><\/ul><h2 data-start=\"660\" data-end=\"704\">\u00a0<\/h2><h2 data-start=\"660\" data-end=\"704\"><strong data-start=\"666\" data-end=\"702\">Globales ISMS \u2013 Non-Food Konzern<\/strong><\/h2><p data-start=\"705\" data-end=\"858\"><strong data-start=\"705\" data-end=\"718\">Zeitraum:<\/strong> 2021\u20132022<br data-start=\"728\" data-end=\"731\" \/><strong data-start=\"731\" data-end=\"740\">Ziel:<\/strong> Aufbau eines internationalen Informationssicherheitsmanagementsystems (ISMS) f\u00fcr alle Kontinente.<br data-start=\"838\" data-end=\"841\" \/><strong data-start=\"841\" data-end=\"856\">Leistungen:<\/strong><\/p><ul data-start=\"859\" data-end=\"1152\"><li data-start=\"859\" data-end=\"905\"><p data-start=\"861\" data-end=\"905\">Einf\u00fchrung eines SaaS-\/PaaS-basierten ISMS<\/p><\/li><li data-start=\"906\" data-end=\"974\"><p data-start=\"908\" data-end=\"974\">Aufbau von Security-Abteilungen &amp; Business Continuity Management<\/p><\/li><li data-start=\"975\" data-end=\"1152\"><p data-start=\"977\" data-end=\"1152\">Leitung internationaler IT-Teams &amp; Programme<br data-start=\"1021\" data-end=\"1024\" \/><strong data-start=\"1024\" data-end=\"1037\">Ergebnis:<\/strong><br data-start=\"1037\" data-end=\"1040\" \/>\u00a0Globales ISMS erfolgreich etabliert<br data-start=\"1077\" data-end=\"1080\" \/>\u00a0Investitionsvolumen: 1,5 Mio. \u20ac<\/p><\/li><\/ul><h2 data-start=\"1633\" data-end=\"1682\">\ud83c\udfe5 <strong data-start=\"1639\" data-end=\"1680\">ERP-Transformation \u2013 Gesundheitswesen<\/strong><\/h2><p data-start=\"1683\" data-end=\"1788\"><strong data-start=\"1683\" data-end=\"1696\">Zeitraum:<\/strong> 2018\u20132021<br data-start=\"1706\" data-end=\"1709\" \/><strong data-start=\"1709\" data-end=\"1718\">Ziel:<\/strong> Einf\u00fchrung von Dynamics 365 &amp; Prozessintegration.<br data-start=\"1768\" data-end=\"1771\" \/><strong data-start=\"1771\" data-end=\"1786\">Leistungen:<\/strong><\/p><ul data-start=\"1789\" data-end=\"2100\"><li data-start=\"1789\" data-end=\"1828\"><p data-start=\"1791\" data-end=\"1828\">Umstellung von NAV auf Dynamics 365<\/p><\/li><li data-start=\"1829\" data-end=\"1876\"><p data-start=\"1831\" data-end=\"1876\">Integration in GMP-konforme Pharma-Logistik<\/p><\/li><li data-start=\"1877\" data-end=\"2100\"><p data-start=\"1879\" data-end=\"2100\">Einf\u00fchrung von OmniChannel- und E-Commerce-Systemen<br data-start=\"1930\" data-end=\"1933\" \/><strong data-start=\"1933\" data-end=\"1946\">Ergebnis:<\/strong><br data-start=\"1946\" data-end=\"1949\" \/>\u2714 Projekt mit 4,2 Mio. \u20ac Volumen erfolgreich abgeschlossen<br data-start=\"2007\" data-end=\"2010\" \/>\u2714 Erkenntnis: NAV-Entwickler als Schl\u00fcsselressource<\/p><\/li><\/ul><h2 data-start=\"2107\" data-end=\"2159\">\ud83d\udce6 <strong data-start=\"2113\" data-end=\"2157\">Logistik-IT \u2013 Gesundheitssektor (Europa)<\/strong><\/h2><p data-start=\"2160\" data-end=\"2281\"><strong data-start=\"2160\" data-end=\"2173\">Zeitraum:<\/strong> 2021\u20132022<br data-start=\"2183\" data-end=\"2186\" \/><strong data-start=\"2186\" data-end=\"2195\">Ziel:<\/strong> Aufbau von 7 Logistik-Standorten in Europa mit modernem IT-Stack.<br data-start=\"2261\" data-end=\"2264\" \/><strong data-start=\"2264\" data-end=\"2279\">Leistungen:<\/strong><\/p><ul data-start=\"2282\" data-end=\"2612\"><li data-start=\"2282\" data-end=\"2342\"><p data-start=\"2284\" data-end=\"2342\">Implementierung von SAP S\/4HANA, NAV 365, ISMS-Plattform<\/p><\/li><li data-start=\"2343\" data-end=\"2399\"><p data-start=\"2345\" data-end=\"2399\">Entwicklung einer Au\u00dfendienst-App &amp; E-Kanban-Systeme<\/p><\/li><li data-start=\"2400\" data-end=\"2612\"><p data-start=\"2402\" data-end=\"2612\">Leitung von DEV-, Infra- und Security-Teams in mehreren L\u00e4ndern<br data-start=\"2465\" data-end=\"2468\" \/><strong data-start=\"2468\" data-end=\"2481\">Ergebnis:<\/strong><br data-start=\"2481\" data-end=\"2484\" \/>\u2714 Abschluss im geplanten Zeitrahmen Q1\/2022<br data-start=\"2527\" data-end=\"2530\" \/>\u2714 Reibungslose Integration der Supply Chain<\/p><\/li><\/ul><h2 data-start=\"2619\" data-end=\"2665\">\ud83d\udcf2 <strong data-start=\"2625\" data-end=\"2663\">Patienten-App \u2013 Healthcare Konzern<\/strong><\/h2><p data-start=\"2666\" data-end=\"2797\"><strong data-start=\"2666\" data-end=\"2679\">Zeitraum:<\/strong> 2016\u2013laufend<br data-start=\"2692\" data-end=\"2695\" \/><strong data-start=\"2695\" data-end=\"2704\">Ziel:<\/strong> Digitale Patientenplattform f\u00fcr Versorgung, \u00c4rzte, Kliniken &amp; Apotheken.<br data-start=\"2777\" data-end=\"2780\" \/><strong data-start=\"2780\" data-end=\"2795\">Leistungen:<\/strong><\/p><ul data-start=\"2798\" data-end=\"3123\"><li data-start=\"2798\" data-end=\"2867\"><p data-start=\"2800\" data-end=\"2867\">Entwicklung einer ePA-App inkl. Datensicherheit &amp; Verschl\u00fcsselung<\/p><\/li><li data-start=\"2868\" data-end=\"2937\"><p data-start=\"2870\" data-end=\"2937\">Anbindung an Gematik, E-Rezept und internationale Pharma-Logistik<\/p><\/li><li data-start=\"2938\" data-end=\"3123\"><p data-start=\"2940\" data-end=\"3123\">Zwei-Faktor-Authentifizierung &amp; Ende-zu-Ende-Security<br data-start=\"2993\" data-end=\"2996\" \/><strong data-start=\"2996\" data-end=\"3009\">Ergebnis:<\/strong><br data-start=\"3009\" data-end=\"3012\" \/>\u2714 St\u00e4rkung der Patientenversorgung<br data-start=\"3046\" data-end=\"3049\" \/>\u2714 IT-Security-Level: systemrelevant<\/p><\/li><\/ul><h2 data-start=\"3130\" data-end=\"3182\"><strong data-start=\"3136\" data-end=\"3180\">Supply Chain &amp; IT-Infrastruktur \u2013 Europa<\/strong><\/h2><p data-start=\"3183\" data-end=\"3293\"><strong data-start=\"3183\" data-end=\"3196\">Zeitraum:<\/strong> 2015\u20132016<br data-start=\"3206\" data-end=\"3209\" \/><strong data-start=\"3209\" data-end=\"3218\">Ziel:<\/strong> Aufbau einer internationalen IT-Infrastruktur f\u00fcr SCM.<br data-start=\"3273\" data-end=\"3276\" \/><strong data-start=\"3276\" data-end=\"3291\">Leistungen:<\/strong><\/p><ul data-start=\"3294\" data-end=\"3623\"><li data-start=\"3294\" data-end=\"3350\"><p data-start=\"3296\" data-end=\"3350\">Einf\u00fchrung von NAV 2016 &amp; CRM-System f\u00fcr Au\u00dfendienst<\/p><\/li><li data-start=\"3351\" data-end=\"3387\"><p data-start=\"3353\" data-end=\"3387\">Chargen- &amp; Produktionsmanagement<\/p><\/li><li data-start=\"3388\" data-end=\"3434\"><p data-start=\"3390\" data-end=\"3434\">Aufbau europ\u00e4ischer Cloud- &amp; VM-Umgebungen<\/p><\/li><li data-start=\"3435\" data-end=\"3623\"><p data-start=\"3437\" data-end=\"3623\">Umsetzung von IT-Security-Konzepten (Firewall-Cluster, SQL, DMS)<br data-start=\"3501\" data-end=\"3504\" \/><strong data-start=\"3504\" data-end=\"3517\">Ergebnis:<\/strong><br data-start=\"3517\" data-end=\"3520\" \/>\u2714 Projektvolumen: 2,6 Mio. \u20ac<br data-start=\"3548\" data-end=\"3551\" \/>\u2714 \u00dcbergabe erfolgreich an Konzern<\/p><\/li><\/ul>\t\t\t\t\t\t\t\t<\/div>\n\t\t\t\t<\/div>\n\t\t\t\t\t<\/div>\n\t\t<\/div>\n\t\t\t\t\t<\/div>\n\t\t<\/section>\n\t\t\t\t<section class=\"elementor-section elementor-top-section elementor-element elementor-element-2ca4367 elementor-section-boxed elementor-section-height-default elementor-section-height-default\" data-id=\"2ca4367\" data-element_type=\"section\" data-e-type=\"section\">\n\t\t\t\t\t\t<div class=\"elementor-container elementor-column-gap-default\">\n\t\t\t\t\t<div class=\"elementor-column elementor-col-100 elementor-top-column elementor-element elementor-element-baa3aaf\" data-id=\"baa3aaf\" data-element_type=\"column\" data-e-type=\"column\">\n\t\t\t<div class=\"elementor-widget-wrap elementor-element-populated\">\n\t\t\t\t\t\t<div class=\"elementor-element elementor-element-516c1fb elementor-widget elementor-widget-text-editor\" data-id=\"516c1fb\" data-element_type=\"widget\" data-e-type=\"widget\" data-widget_type=\"text-editor.default\">\n\t\t\t\t<div class=\"elementor-widget-container\">\n\t\t\t\t\t\t\t\t\t<h1>Schlusswort:<\/h1><p data-start=\"3644\" data-end=\"3827\">Meine Projekte zeigen: <strong data-start=\"3667\" data-end=\"3825\">Komplexe IT- &amp; Security-Initiativen lassen sich mit der richtigen Strategie, internationaler Erfahrung und konsequenter Umsetzung erfolgreich realisieren.<\/strong><\/p><p data-start=\"3829\" data-end=\"3932\"><img decoding=\"async\" class=\"emoji\" role=\"img\" draggable=\"false\" src=\"https:\/\/s.w.org\/images\/core\/emoji\/16.0.1\/svg\/27a1.svg\" alt=\"\u27a1\ufe0f\" \/>\u00a0<a style=\"background-color: #222222; font-size: 1rem;\" href=\"https:\/\/itcst.de\/?page_id=71\" target=\"_blank\" rel=\"noopener\">Sie m\u00f6chten mehr \u00fcber meine Projekterfahrung erfahren? Kontaktieren Sie mich f\u00fcr ein Gespr\u00e4ch.<\/a><\/p>\t\t\t\t\t\t\t\t<\/div>\n\t\t\t\t<\/div>\n\t\t\t\t\t<\/div>\n\t\t<\/div>\n\t\t\t\t\t<\/div>\n\t\t<\/section>\n\t\t\t\t<\/div>\n\t\t","protected":false},"excerpt":{"rendered":"<p>Projekte &amp; Referenzen In den letzten Jahren durfte ich zahlreiche nationale und internationale Projekte in den Bereichen Informationssicherheit, IT-Management und digitale Transformation erfolgreich leiten.Hier eine Auswahl meiner wichtigsten Referenzen: Group CISO \u2013\u00a0 Baustoffindustrie Zeitraum: 2023\u20132025Ziel: Strategische St\u00e4rkung der Informationssicherheit &amp; Compliance.Leistungen: Aufbau und Leitung internationaler InfoSec-Teams Einf\u00fchrung und Auditierung nach ISO\/IEC 27001, 27002 und NIS2 &hellip; <\/p>\n<p class=\"link-more\"><a href=\"https:\/\/itcst.de\/?page_id=330\" class=\"more-link\"><span class=\"screen-reader-text\">\u201eProjekte &#038; Referenzen\u201c<\/span> weiterlesen<\/a><\/p>\n","protected":false},"author":1,"featured_media":0,"parent":0,"menu_order":0,"comment_status":"closed","ping_status":"closed","template":"","meta":{"footnotes":""},"class_list":["post-330","page","type-page","status-publish","hentry"],"_links":{"self":[{"href":"https:\/\/itcst.de\/index.php?rest_route=\/wp\/v2\/pages\/330","targetHints":{"allow":["GET"]}}],"collection":[{"href":"https:\/\/itcst.de\/index.php?rest_route=\/wp\/v2\/pages"}],"about":[{"href":"https:\/\/itcst.de\/index.php?rest_route=\/wp\/v2\/types\/page"}],"author":[{"embeddable":true,"href":"https:\/\/itcst.de\/index.php?rest_route=\/wp\/v2\/users\/1"}],"replies":[{"embeddable":true,"href":"https:\/\/itcst.de\/index.php?rest_route=%2Fwp%2Fv2%2Fcomments&post=330"}],"version-history":[{"count":8,"href":"https:\/\/itcst.de\/index.php?rest_route=\/wp\/v2\/pages\/330\/revisions"}],"predecessor-version":[{"id":338,"href":"https:\/\/itcst.de\/index.php?rest_route=\/wp\/v2\/pages\/330\/revisions\/338"}],"wp:attachment":[{"href":"https:\/\/itcst.de\/index.php?rest_route=%2Fwp%2Fv2%2Fmedia&parent=330"}],"curies":[{"name":"wp","href":"https:\/\/api.w.org\/{rel}","templated":true}]}}